{"id":21372,"date":"2024-09-27T18:26:55","date_gmt":"2024-09-27T16:26:55","guid":{"rendered":"https:\/\/sellerkraft.de\/?page_id=21372"},"modified":"2026-01-19T20:21:06","modified_gmt":"2026-01-19T18:21:06","slug":"datenschutz","status":"publish","type":"page","link":"https:\/\/sellerkraft.de\/de\/datenschutz\/","title":{"rendered":"Datenschutz"},"content":{"rendered":"<div data-elementor-type=\"wp-page\" data-elementor-id=\"21372\" class=\"elementor elementor-21372\" data-elementor-post-type=\"page\">\n\t\t\t\t<div class=\"elementor-element elementor-element-6e6827c e-flex e-con-boxed e-con e-parent\" data-id=\"6e6827c\" data-element_type=\"container\">\n\t\t\t\t\t<div class=\"e-con-inner\">\n\t\t\t\t<div class=\"elementor-element elementor-element-a2be1f7 elementor-widget elementor-widget-heading\" data-id=\"a2be1f7\" data-element_type=\"widget\" data-widget_type=\"heading.default\">\n\t\t\t\t<div class=\"elementor-widget-container\">\n\t\t\t<h2 class=\"elementor-heading-title elementor-size-default\">Datenschutz<\/h2>\t\t<\/div>\n\t\t\t\t<\/div>\n\t\t\t\t\t<\/div>\n\t\t\t\t<\/div>\n\t\t<div class=\"elementor-element elementor-element-31d889d e-flex e-con-boxed e-con e-parent\" data-id=\"31d889d\" data-element_type=\"container\">\n\t\t\t\t\t<div class=\"e-con-inner\">\n\t\t\t\t<div class=\"elementor-element elementor-element-5372312 elementor-widget elementor-widget-text-editor\" data-id=\"5372312\" data-element_type=\"widget\" data-widget_type=\"text-editor.default\">\n\t\t\t\t<div class=\"elementor-widget-container\">\n\t\t\t\t\t\t\t<p><strong>Datenschutzerkl\u00e4rung<\/strong><\/p><p><strong>1. Datenschutz auf einen Blick<\/strong><\/p><p>Die folgenden Hinweise geben einen einfachen \u00dcberblick dar\u00fcber, was mit Ihren personenbezogenen Daten passiert, wenn Sie unsere Website besuchen.<br \/><a href=\"https:\/\/amz-papa.de\/\">https:\/\/amz-papa.de\/<\/a><br \/><a href=\"https:\/\/kurs-formula.de\/\">https:\/\/kurs-formula.de\/<\/a><br \/><a href=\"https:\/\/ugc-kurs.com\/\">https:\/\/ugc-kurs.com\/<\/a><br \/><a href=\"https:\/\/antimakler.de\/kurs_1\">https:\/\/antimakler.de\/kurs_1<\/a><br \/><a href=\"https:\/\/sellerkraft.de\/\">https:\/\/sellerkraft.de\/<\/a><\/p><p><strong>Datenerfassung auf unserer Website:<\/strong><\/p><ul type=\"disc\"><li>Wer ist verantwortlich?<br \/>Die Datenverarbeitung auf dieser Website erfolgt durch den Websitebetreiber:<\/li><\/ul><p>Krisele Group Sp. z o.o.<br \/>ul. Marsz. J\u00f3zefa Pi\u0142sudskiego 74, lok. 320<br \/>50-020 Wroc\u0142aw<\/p><p>Kontakt: info@sellerkraft.de<\/p><ul type=\"disc\"><li>Wie erfassen wir Ihre Daten?<br \/>Ihre Daten werden zum einen dadurch erhoben, dass Sie uns diese mitteilen (z.B. durch Eingabe in ein Kontaktformular oder Anmeldung zu Newslettern). Andere Daten werden automatisch beim Besuch der Website durch unsere IT-Systeme erfasst (z.B. Browser, Betriebssystem, Uhrzeit des Seitenaufrufs).<\/li><li>Wof\u00fcr nutzen wir Ihre Daten?<br \/>Zur Analyse des Nutzerverhaltens (z.B. mit Google Analytics), zur Zahlungsabwicklung (z.B. Stripe, PayPal), f\u00fcr Marketingzwecke (z.B. Facebook Pixel) und zur Kommunikation (z.B. E-Mail-Newsletter).<\/li><\/ul><p><strong>2. Allgemeine Hinweise und Pflichtinformationen<\/strong><\/p><p><strong>Datenschutz:<\/strong><\/p><p>Wir nehmen den Schutz Ihrer pers\u00f6nlichen Daten sehr ernst. Wir behandeln Ihre personenbezogenen Daten vertraulich und entsprechend der gesetzlichen Datenschutzvorschriften sowie dieser Datenschutzerkl\u00e4rung.<\/p><p><strong>3. Datenerfassung auf unserer Website<\/strong><\/p><ul type=\"disc\"><li><strong>Cookies:<\/strong>\u00a0Unsere Internetseiten verwenden teilweise sogenannte Cookies. Cookies richten auf Ihrem Rechner keinen Schaden an und enthalten keine Viren.<\/li><li><strong>Server-Log-Dateien:<\/strong>\u00a0Der Provider der Seiten erhebt und speichert automatisch Informationen in so genannten Server-Log-Dateien, die Ihr Browser automatisch an uns \u00fcbermittelt.<\/li><\/ul><p><strong>4. Analyse-Tools und Werbung<\/strong><\/p><ul type=\"disc\"><li><strong>Google Analytics:<\/strong>\u00a0Diese Website nutzt Funktionen des Webanalysedienstes Google Analytics.<\/li><li><strong>Facebook Pixel:<\/strong>\u00a0Diese Website nutzt zur Konversionsmessung das Besucheraktions-Pixel von Facebook.<\/li><\/ul><p><strong>5. Newsletter<\/strong><\/p><p>Wenn Sie den auf der Website angebotenen Newsletter beziehen m\u00f6chten, ben\u00f6tigen wir von Ihnen eine E-Mail-Adresse sowie Informationen, welche uns die \u00dcberpr\u00fcfung gestatten, dass Sie der Inhaber der angegebenen E-Mail-Adresse sind.<\/p><p><strong>6. Zahlungsdienstleister<\/strong><\/p><ul type=\"disc\"><li><strong>Stripe:<\/strong>\u00a0Anbieter ist Stripe Payments Europe, Ltd., 1 Grand Canal Street Lower, Grand Canal Dock, Dublin, Irland.<\/li><li><strong>PayPal:<\/strong>\u00a0Anbieter dieses Zahlungsdienstes ist PayPal (Europe) S.\u00e0 r.l. et Cie, S.C.A., 22-24 Boulevard Royal, L-2449 Luxemburg.<\/li><\/ul><p><strong>7. Ihre Rechte:<\/strong><\/p><p>Sie haben jederzeit das Recht auf unentgeltliche Auskunft \u00fcber Ihre gespeicherten personenbezogenen Daten, deren Herkunft und Empf\u00e4nger und den Zweck der Datenverarbeitung sowie ein Recht auf Berichtigung, Sperrung oder L\u00f6schung dieser Daten.<\/p><p><strong>8. Hosting<\/strong><\/p><p>Unser Website-Hosting erfolgt bei einem externen Dienstleister innerhalb der EU. Mit dem Hosting-Anbieter wurde ein Auftragsverarbeitungsvertrag abgeschlossen, um den Schutz Ihrer Daten sicherzustellen.<\/p><p><strong>9. \u00c4nderungen dieser Datenschutzerkl\u00e4rung<\/strong><\/p><p>Wir behalten uns vor, diese Datenschutzerkl\u00e4rung jederzeit zu \u00e4ndern, um sie an ge\u00e4nderte Rechtslagen oder bei \u00c4nderungen des Dienstes sowie der Datenverarbeitung anzupassen.<\/p>\t\t\t\t\t\t<\/div>\n\t\t\t\t<\/div>\n\t\t\t\t\t<\/div>\n\t\t\t\t<\/div>\n\t\t\t\t<\/div>","protected":false},"excerpt":{"rendered":"<p>Datenschutz Datenschutzerkl\u00e4rung 1. Datenschutz auf einen Blick Die folgenden Hinweise geben einen einfachen \u00dcberblick dar\u00fcber, was mit Ihren personenbezogenen Daten&#8230;<\/p>","protected":false},"author":1,"featured_media":0,"parent":0,"menu_order":0,"comment_status":"closed","ping_status":"closed","template":"","meta":{"footnotes":""},"class_list":["post-21372","page","type-page","status-publish","hentry"],"jetpack_sharing_enabled":true,"_links":{"self":[{"href":"https:\/\/sellerkraft.de\/de\/wp-json\/wp\/v2\/pages\/21372","targetHints":{"allow":["GET"]}}],"collection":[{"href":"https:\/\/sellerkraft.de\/de\/wp-json\/wp\/v2\/pages"}],"about":[{"href":"https:\/\/sellerkraft.de\/de\/wp-json\/wp\/v2\/types\/page"}],"author":[{"embeddable":true,"href":"https:\/\/sellerkraft.de\/de\/wp-json\/wp\/v2\/users\/1"}],"replies":[{"embeddable":true,"href":"https:\/\/sellerkraft.de\/de\/wp-json\/wp\/v2\/comments?post=21372"}],"version-history":[{"count":3,"href":"https:\/\/sellerkraft.de\/de\/wp-json\/wp\/v2\/pages\/21372\/revisions"}],"predecessor-version":[{"id":23638,"href":"https:\/\/sellerkraft.de\/de\/wp-json\/wp\/v2\/pages\/21372\/revisions\/23638"}],"wp:attachment":[{"href":"https:\/\/sellerkraft.de\/de\/wp-json\/wp\/v2\/media?parent=21372"}],"curies":[{"name":"wp","href":"https:\/\/api.w.org\/{rel}","templated":true}]}}